{"id":41,"date":"2022-09-26T21:07:46","date_gmt":"2022-09-26T21:07:46","guid":{"rendered":"https:\/\/chaletfels.ch.185-178-193-47.217.hosttech.eu\/WordPress\/?page_id=41"},"modified":"2024-10-17T16:52:40","modified_gmt":"2024-10-17T16:52:40","slug":"informationen","status":"publish","type":"page","link":"https:\/\/www.chaletfels.ch\/WordPress\/?page_id=41","title":{"rendered":"Informationen"},"content":{"rendered":"\n<p class=\"has-normal-font-size\">Anzahl Zimmer: 4<br>Anzahl Betten: 6<br>Anzahl Kinderbetten: 1<\/p>\n\n\n\n<ul class=\"wp-block-list\">\n<li>Grosser Balkon\/Terasse<\/li>\n\n\n\n<li>Elektrische K\u00fcche mit K\u00fchlschrank und Backofen<\/li>\n\n\n\n<li>Heizung Radiatoren elektrisch<\/li>\n\n\n\n<li>Bad und K\u00fcche mit Bodenheizung elektrisch<\/li>\n\n\n\n<li>LCD Fernseher mit Satelliten-Empfang<\/li>\n\n\n\n<li>Telefon<\/li>\n\n\n\n<li>Radio<\/li>\n\n\n\n<li>Separater Hausteil (Anbau) als Skiraum \/ Gep\u00e4ckraum<\/li>\n\n\n\n<li>W\u00e4sche im Chalet vorhanden<\/li>\n<\/ul>\n\n\n\n<p class=\"has-normal-font-size\">Besonderheiten: Die Eigent\u00fcmer\/Vermieter und Mieter sch\u00e4tzen Nichtraucher. Haustiere gestattet.<br>Postfach Nummer: 022.8<br>Planquadrat: K55<br>Telefonnummer: +41 (0)27 \/ 927 38 29<\/p>\n\n\n\n<h2 class=\"wp-block-heading\">Mietpreis f\u00fcr das ganze Chalet<\/h2>\n\n\n\n<ul class=\"wp-block-list\">\n<li>Richtpreis Winter pro Tag: 150 SFr<\/li>\n\n\n\n<li>Richtpreis Sommer pro Tag: 70 SFr<\/li>\n<\/ul>\n\n\n\n<h2 class=\"wp-block-heading\">Nebenkosten<\/h2>\n\n\n\n<ul class=\"wp-block-list\">\n<li>Stromkosten 40 Rp pro kWh gem\u00e4ss Verbrauch (Heizung \/ Beleuchtung \/ Kochen \/ Warmwasser)<\/li>\n\n\n\n<li>Kurtaxen gem\u00e4ss g\u00fcltigem Tarif Aletsch Arena<\/li>\n\n\n\n<li>Endreinigung 120 SFr pauschal<\/li>\n\n\n\n<li>W\u00e4sche 30 SFr pro Person (Bettw\u00e4sche, Frottiert\u00fccher, Badet\u00fccher, Waschlappen, K\u00fcchent\u00fccher)<\/li>\n<\/ul>\n","protected":false},"excerpt":{"rendered":"<p>Anzahl Zimmer: 4Anzahl Betten: 6Anzahl Kinderbetten: 1 Besonderheiten: Die Eigent\u00fcmer\/Vermieter und Mieter sch\u00e4tzen Nichtraucher. Haustiere gestattet.Postfach Nummer: 022.8Planquadrat: K55Telefonnummer: +41 (0)27 \/ 927 38 29 Mietpreis f\u00fcr das ganze Chalet Nebenkosten<\/p>\n","protected":false},"author":1,"featured_media":0,"parent":0,"menu_order":0,"comment_status":"closed","ping_status":"closed","template":"templates\/template-full-width.php","meta":{"footnotes":""},"class_list":["post-41","page","type-page","status-publish","hentry"],"_links":{"self":[{"href":"https:\/\/www.chaletfels.ch\/WordPress\/index.php?rest_route=\/wp\/v2\/pages\/41","targetHints":{"allow":["GET"]}}],"collection":[{"href":"https:\/\/www.chaletfels.ch\/WordPress\/index.php?rest_route=\/wp\/v2\/pages"}],"about":[{"href":"https:\/\/www.chaletfels.ch\/WordPress\/index.php?rest_route=\/wp\/v2\/types\/page"}],"author":[{"embeddable":true,"href":"https:\/\/www.chaletfels.ch\/WordPress\/index.php?rest_route=\/wp\/v2\/users\/1"}],"replies":[{"embeddable":true,"href":"https:\/\/www.chaletfels.ch\/WordPress\/index.php?rest_route=%2Fwp%2Fv2%2Fcomments&post=41"}],"version-history":[{"count":5,"href":"https:\/\/www.chaletfels.ch\/WordPress\/index.php?rest_route=\/wp\/v2\/pages\/41\/revisions"}],"predecessor-version":[{"id":275,"href":"https:\/\/www.chaletfels.ch\/WordPress\/index.php?rest_route=\/wp\/v2\/pages\/41\/revisions\/275"}],"wp:attachment":[{"href":"https:\/\/www.chaletfels.ch\/WordPress\/index.php?rest_route=%2Fwp%2Fv2%2Fmedia&parent=41"}],"curies":[{"name":"wp","href":"https:\/\/api.w.org\/{rel}","templated":true}]}}