{"id":47,"date":"2022-09-26T21:10:25","date_gmt":"2022-09-26T21:10:25","guid":{"rendered":"https:\/\/chaletfels.ch.185-178-193-47.217.hosttech.eu\/WordPress\/?page_id=47"},"modified":"2022-12-23T20:20:52","modified_gmt":"2022-12-23T20:20:52","slug":"standort","status":"publish","type":"page","link":"https:\/\/www.chaletfels.ch\/WordPress\/?page_id=47","title":{"rendered":"Standort"},"content":{"rendered":"\n<p>Das Chalet Fels befindet sich an bester Lage auf der Bettmeralp in der Aletscharena. Es ist nur wenige hundert Meter von der Bergstation der Gondelbahn entfernt und liegt direkt an der Skipiste. Die 4er Sesselbahn Blausee ist nur ein paar Schw\u00fcnge entfernt und kann ohne Gegensteigung direkt mit Ski oder Snowboard erreicht werden. Das gr\u00f6sste Lebensmittelgesch\u00e4ft der Bettmeralp (Coop) befindet sich auch in unmittelbarer N\u00e4he.<\/p>\n\n\n\n<p><iframe loading=\"lazy\" style=\"border: 0;\" src=\"https:\/\/www.google.com\/maps\/embed?pb=!1m18!1m12!1m3!1d2337.1402400764036!2d8.056955865541294!3d46.38810524018961!2m3!1f0!2f0!3f0!3m2!1i1024!2i768!4f13.1!3m3!1m2!1s0x478f70018d841235%3A0xf42f2e101a14a623!2sChalet+Fels%2C+3992+Bettmeralp!5e1!3m2!1sde!2sch!4v1546089921198\" allowfullscreen=\"allowfullscreen\" width=\"800\" height=\"600\" frameborder=\"0\"><\/iframe><\/p>\n\n\n\n<h2 class=\"wp-block-heading\">Anreise mit dem Auto<\/h2>\n\n\n\n<p>Von Genf entlang Genfer See und Rhone, von Mailand \u00fcber den ganzj\u00e4hrig offenen Simplonpass oder Autoverlad Iselle-Brig, von Deutschland \u00fcber Basel, Bern, Thun, Kandersteg mit Autoverlad L\u00f6tschbergtunnel weiter \u00fcber Brig und dann noch 12 km bis Betten Talstation. Vom Grossraum Z\u00fcrich, Luzern oder Gotthard her durch den Autoverlad am Furkatunnel ins Rhonetal bis hinunter nach Betten Talstation.<\/p>\n\n\n\n<h2 class=\"wp-block-heading\">Anreise mit der Bahn<\/h2>\n\n\n\n<p>Von Genf, Z\u00fcrich, Basel, Bern, Mailand oder Deutschland bis nach Brig. Dort umsteigen nach Betten Talstation. Gep\u00e4ck bis Bettmeralp durchbuchen! Von der Station zum Chalet: entweder zu Fuss via Rolltreppe der Blauseebahn oder wer viel Gep\u00e4ck dabei hat im Winter mit der Schneeraupe oder im Sommer per Elektrobus.<\/p>\n","protected":false},"excerpt":{"rendered":"<p>Das Chalet Fels befindet sich an bester Lage auf der Bettmeralp in der Aletscharena. Es ist nur wenige hundert Meter von der Bergstation der Gondelbahn entfernt und liegt direkt an der Skipiste. Die 4er Sesselbahn Blausee ist nur ein paar Schw\u00fcnge entfernt und kann ohne Gegensteigung direkt mit Ski oder Snowboard erreicht werden. Das gr\u00f6sste [&hellip;]<\/p>\n","protected":false},"author":1,"featured_media":0,"parent":0,"menu_order":0,"comment_status":"closed","ping_status":"closed","template":"templates\/template-full-width.php","meta":{"footnotes":""},"class_list":["post-47","page","type-page","status-publish","hentry"],"_links":{"self":[{"href":"https:\/\/www.chaletfels.ch\/WordPress\/index.php?rest_route=\/wp\/v2\/pages\/47","targetHints":{"allow":["GET"]}}],"collection":[{"href":"https:\/\/www.chaletfels.ch\/WordPress\/index.php?rest_route=\/wp\/v2\/pages"}],"about":[{"href":"https:\/\/www.chaletfels.ch\/WordPress\/index.php?rest_route=\/wp\/v2\/types\/page"}],"author":[{"embeddable":true,"href":"https:\/\/www.chaletfels.ch\/WordPress\/index.php?rest_route=\/wp\/v2\/users\/1"}],"replies":[{"embeddable":true,"href":"https:\/\/www.chaletfels.ch\/WordPress\/index.php?rest_route=%2Fwp%2Fv2%2Fcomments&post=47"}],"version-history":[{"count":5,"href":"https:\/\/www.chaletfels.ch\/WordPress\/index.php?rest_route=\/wp\/v2\/pages\/47\/revisions"}],"predecessor-version":[{"id":270,"href":"https:\/\/www.chaletfels.ch\/WordPress\/index.php?rest_route=\/wp\/v2\/pages\/47\/revisions\/270"}],"wp:attachment":[{"href":"https:\/\/www.chaletfels.ch\/WordPress\/index.php?rest_route=%2Fwp%2Fv2%2Fmedia&parent=47"}],"curies":[{"name":"wp","href":"https:\/\/api.w.org\/{rel}","templated":true}]}}